{"id":3,"date":"2018-09-21T08:57:43","date_gmt":"2018-09-21T08:57:43","guid":{"rendered":"http:\/\/zrii.lu.lv\/?page_id=3"},"modified":"2020-10-22T13:08:12","modified_gmt":"2020-10-22T10:08:12","slug":"adrese","status":"publish","type":"page","link":"https:\/\/zrii.lu.lv\/?page_id=3","title":{"rendered":"Kontakti"},"content":{"rendered":"<p><a href=\"http:\/\/zrii.lu.lv\/wp-content\/uploads\/2018\/09\/LU_DZC.jpg\"><img loading=\"lazy\" decoding=\"async\" class=\"size-full wp-image-32\" src=\"http:\/\/zrii.lu.lv\/wp-content\/uploads\/2018\/09\/LU_DZC.jpg\" alt=\"\" width=\"960\" height=\"300\" srcset=\"https:\/\/zrii.lu.lv\/wp-content\/uploads\/2018\/09\/LU_DZC.jpg 960w, https:\/\/zrii.lu.lv\/wp-content\/uploads\/2018\/09\/LU_DZC-300x94.jpg 300w, https:\/\/zrii.lu.lv\/wp-content\/uploads\/2018\/09\/LU_DZC-768x240.jpg 768w\" sizes=\"(max-width: 960px) 100vw, 960px\" \/><\/a><\/p>\n<h4><strong>LU Dabaszin\u0101t\u0146u akad\u0113miskais centrs, Vides kvalit\u0101tes monitoringa laboratorija<\/strong><\/h4>\n<p><i class=\"wp-svg-office office\"><\/i> Jelgavas iela 1 (302. kab), R\u012bga, LV-1004<br \/>\n<i class=\"wp-svg-phone phone\"><\/i> +371 20 292 893<br \/>\n<i class=\"wp-svg-envelop envelop\"><\/i> zemes.resursi@gmail.com<\/p>\n<p>Doktorant\u016bras skolas tehnisk\u0101 sekret\u0101re: Karina Stankevi\u010da<\/p>\n","protected":false},"excerpt":{"rendered":"<p>LU Dabaszin\u0101t\u0146u akad\u0113miskais centrs, Vides kvalit\u0101tes monitoringa laboratorija Jelgavas iela 1 (302. kab), R\u012bga, LV-1004 +371 20 292 893 zemes.resursi@gmail.com Doktorant\u016bras skolas tehnisk\u0101 sekret\u0101re: Karina Stankevi\u010da<\/p>\n","protected":false},"author":2,"featured_media":0,"parent":0,"menu_order":0,"comment_status":"closed","ping_status":"closed","template":"","meta":{"footnotes":""},"_links":{"self":[{"href":"https:\/\/zrii.lu.lv\/index.php?rest_route=\/wp\/v2\/pages\/3"}],"collection":[{"href":"https:\/\/zrii.lu.lv\/index.php?rest_route=\/wp\/v2\/pages"}],"about":[{"href":"https:\/\/zrii.lu.lv\/index.php?rest_route=\/wp\/v2\/types\/page"}],"author":[{"embeddable":true,"href":"https:\/\/zrii.lu.lv\/index.php?rest_route=\/wp\/v2\/users\/2"}],"replies":[{"embeddable":true,"href":"https:\/\/zrii.lu.lv\/index.php?rest_route=%2Fwp%2Fv2%2Fcomments&post=3"}],"version-history":[{"count":19,"href":"https:\/\/zrii.lu.lv\/index.php?rest_route=\/wp\/v2\/pages\/3\/revisions"}],"predecessor-version":[{"id":469,"href":"https:\/\/zrii.lu.lv\/index.php?rest_route=\/wp\/v2\/pages\/3\/revisions\/469"}],"wp:attachment":[{"href":"https:\/\/zrii.lu.lv\/index.php?rest_route=%2Fwp%2Fv2%2Fmedia&parent=3"}],"curies":[{"name":"wp","href":"https:\/\/api.w.org\/{rel}","templated":true}]}}